{"id":2493,"date":"2021-08-17T15:30:29","date_gmt":"2021-08-17T13:30:29","guid":{"rendered":"http:\/\/alfavaria.cz\/kontakt\/"},"modified":"2025-03-20T15:19:33","modified_gmt":"2025-03-20T14:19:33","slug":"kontakt","status":"publish","type":"page","link":"https:\/\/alfavaria.cz\/en\/kontakt\/","title":{"rendered":"Contacts"},"content":{"rendered":"<section class=\"l-section wpb_row height_auto color_alternate\"><div class=\"l-section-h i-cf\"><div class=\"g-cols vc_row via_flex valign_top type_default stacking_default\"><div class=\"vc_col-sm-12 wpb_column vc_column_container\"><div class=\"vc_column-inner\"><div class=\"wpb_wrapper\"><section class=\"l-section wpb_row height_auto width_full\"><div class=\"l-section-h i-cf\"><div class=\"g-cols vc_row via_flex valign_top type_default stacking_default\"><div class=\"vc_col-sm-12 wpb_column vc_column_container\"><div class=\"vc_column-inner\"><div class=\"wpb_wrapper\"><div class=\"w-separator size_small\"><\/div><nav class=\"g-breadcrumbs us_custom_680e835f has_text_color separator_icon align_left\" itemscope itemtype=\"http:\/\/schema.org\/BreadcrumbList\"><div class=\"g-breadcrumbs-item\" itemscope itemprop=\"itemListElement\" itemtype=\"http:\/\/schema.org\/ListItem\"><a itemprop=\"item\" href=\"https:\/\/alfavaria.cz\/en\/\"><span itemprop=\"name\">Home page<\/span><\/a><meta itemprop=\"position\" content=\"1\"\/><\/div><div class=\"g-breadcrumbs-separator\"><i class=\"far fa-angle-right\"><\/i><\/div><div class=\"g-breadcrumbs-item\">Pages<\/div><\/nav><div class=\"w-separator size_custom\" style=\"height:3rem\" id=\"w3d7\"><style>@media(max-width:600px){ #w3d7{height:2rem!important}}<\/style><\/div><\/div><\/div><\/div><\/div><\/div><\/section>\n<div class=\"wpb_text_column us_custom_4ae18191\"><div class=\"wpb_wrapper\"><h1>Contacts<\/h1>\n<p>Do you need to discuss anything with us? We are here for you, get in touch!<\/p>\n<\/div><\/div><div class=\"w-separator size_custom\" style=\"height:3rem\" id=\"rae9\"><style>@media(max-width:600px){ #rae9{height:2rem!important}}<\/style><\/div><\/div><\/div><\/div><\/div><\/div><\/section><section class=\"l-section wpb_row height_auto\"><div class=\"l-section-h i-cf\"><div class=\"g-cols vc_row via_flex valign_top type_default stacking_default\"><div class=\"vc_col-sm-12 wpb_column vc_column_container\"><div class=\"vc_column-inner\"><div class=\"wpb_wrapper\"><div class=\"w-separator size_large\"><\/div><div class=\"wpb_text_column us_custom_71d3e3d1\"><div class=\"wpb_wrapper\"><h2>ALFAVARIA Group s. r. o.<\/h2>\n<\/div><\/div><div class=\"w-separator size_custom\" style=\"height:1rem\"><\/div><\/div><\/div><\/div><div class=\"vc_col-sm-6 vc_col-md-5 wpb_column vc_column_container\"><div class=\"vc_column-inner\"><div class=\"wpb_wrapper\"><div class=\"wpb_text_column us_custom_3e385ff6 hide_on_tablets hide_on_mobiles\"><div class=\"wpb_wrapper\"><p><strong>Company headquarters:<\/strong><br \/>\nLond\u00fdnsk\u00e1 78<br \/>\n460&nbsp;01\u2002Liberec<\/p>\n<p><strong>Head office:<\/strong> <a href=\"tel:+420485100303\">+420&nbsp;485&nbsp;100&nbsp;303<\/a> <span class=\"sticker\"><span class=\"text-sticker\">Mon-Fri 7:00 \u2013 17:00<\/span><\/span><br \/>\n<strong>E-shop:<\/strong> <a href=\"tel:+420702017759\">+420&nbsp;702&nbsp;017&nbsp;759<\/a> <span class=\"sticker\"><span class=\"text-sticker\">Mon-Fri 8:00 \u2013 16:00<\/span><\/span><br \/>\n<strong>Service:<\/strong> <a href=\"tel:+420485109021\">+420&nbsp;485&nbsp;109&nbsp;021<\/a> <span class=\"sticker\"><span class=\"text-sticker\">Mon-Fri 8:00 \u2013 16:00<\/span><\/span><br \/>\n<strong>E-mail:<\/strong> <a href=\"mailto:alfavaria@alfavaria.cz\">alfavaria@alfavaria.cz<\/a><\/p>\n<p><strong>Billing information:<\/strong><br \/>\nALFAVARIA Group s. r. o.<br \/>\nPob\u0159e\u017en\u00ed 28<br \/>\n463&nbsp;31\u2002Chrastava<\/p>\n<p>I\u010cO 25002678, DI\u010c CZ25002678<\/p>\n<\/div><\/div><div class=\"wpb_text_column us_custom_3e385ff6 hide_on_default hide_on_laptops\"><div class=\"wpb_wrapper\"><p><strong>Company headquarters:<\/strong><br \/>\nLond\u00fdnsk\u00e1 78<br \/>\n460&nbsp;01\u2002Liberec<\/p>\n<p><strong>Head office:<\/strong><br \/>\n<a href=\"tel:+420485100303\">485&nbsp;100&nbsp;303<\/a> <span class=\"sticker\"><span class=\"text-sticker\">Po-P\u00e1 7:00\u201317:00<\/span><\/span><\/p>\n<p><strong>E-shop:<\/strong><br \/>\n<a href=\"tel:+420702017759\">702&nbsp;017&nbsp;759<\/a> <span class=\"sticker\"><span class=\"text-sticker\">Po-P\u00e1 8:00\u201316:00<\/span><\/span><\/p>\n<p><strong>Service:<\/strong><br \/>\n<a href=\"tel:+420485109021\">485&nbsp;109&nbsp;021<\/a> <span class=\"sticker\"><span class=\"text-sticker\">Po-P\u00e1 8:00\u201316:00<\/span><\/span><\/p>\n<p><strong>E-mail:<\/strong><br \/>\n<a href=\"mailto:alfavaria@alfavaria.cz\">alfavaria@alfavaria.cz<\/a><\/p>\n<p><strong>Billing information:<\/strong><br \/>\nALFAVARIA Group s. r. o.<br \/>\nPob\u0159e\u017en\u00ed 28<br \/>\n463&nbsp;31\u2002Chrastava<\/p>\n<p>I\u010cO 25002678, DI\u010c CZ25002678<\/p>\n<\/div><\/div><div class=\"w-separator size_custom\" style=\"height:0.5rem\"><\/div><div class=\"wpb_text_column us_custom_115215fd has_text_color\"><div class=\"wpb_wrapper\"><p>The company is registered at the Regional Court in \u00dast\u00ed nad Labem, file C10715<\/p>\n<\/div><\/div><div class=\"w-separator size_custom\" style=\"height:0rem\" id=\"nd50\"><style>@media(max-width:600px){ #nd50{height:1.5rem!important}}<\/style><\/div><\/div><\/div><\/div><div class=\"vc_col-sm-6 vc_col-md-7 wpb_column vc_column_container\"><div class=\"vc_column-inner\"><div class=\"wpb_wrapper\"><div class=\"w-html\"><iframe style=\"margin-bottom: -7px;\" src=\"https:\/\/www.google.com\/maps\/embed?pb=!1m14!1m8!1m3!1d10091.28665384637!2d15.0327804!3d50.7788794!3m2!1i1024!2i768!4f13.1!3m3!1m2!1s0x0%3A0xc6b13e2e23ac4ecf!2sALFAVARIA%20Group%20s.%20r.%20o.!5e0!3m2!1scs!2scz!4v1630411720750!5m2!1scs!2scz\" width=\"100%\" height=\"370\" style=\"border:0;\" allowfullscreen=\"\" loading=\"lazy\"><\/iframe><\/div><\/div><\/div><\/div><div class=\"vc_col-sm-12 wpb_column vc_column_container\"><div class=\"vc_column-inner\"><div class=\"wpb_wrapper\"><div class=\"w-separator size_medium\"><\/div><div class=\"wpb_text_column us_custom_dcb1e5a6 hide_on_mobiles\"><div class=\"wpb_wrapper\"><p><strong>Bank details: <\/strong>\u010cSOB, a.s., Liberec<br \/>\n<strong>Account for payment: <span class=\"nowrap\">in\u00a0<\/span>CZK:\u00a0<\/strong>Number: 108302019\/0300, IBAN: CZ66&nbsp;0300&nbsp;0000&nbsp;0001&nbsp;0830&nbsp;2019, SWIFT\/BIC: CEKOCZPP<br \/>\n<strong>Account for payment\u00a0<span class=\"nowrap\">in EUR<\/span>: <\/strong>Number: 171551448\/0300, IBAN: CZ50&nbsp;0300&nbsp;0000&nbsp;0001&nbsp;7155&nbsp;1448, SWIFT\/BIC: CEKOCZPP<\/p>\n<\/div><\/div><div class=\"wpb_text_column us_custom_dcb1e5a6 hide_on_default hide_on_laptops hide_on_tablets\"><div class=\"wpb_wrapper\"><p><strong>Bank details:<br \/>\n<\/strong>\u010cSOB, a.s., Liberec<\/p>\n<p><strong>Account for payment <span class=\"nowrap\">in\u00a0<\/span>CZK<br \/>\n<\/strong>Number: 108302019\/0300<br \/>\nIBAN: CZ66&nbsp;0300&nbsp;0000&nbsp;0001&nbsp;0830&nbsp;2019<br \/>\nSWIFT\/BIC: CEKOCZPP<\/p>\n<p><strong>Account for payment <span class=\"nowrap\">in EUR<\/span><br \/>\n<\/strong>Number: 171551448\/0300<br \/>\nIBAN: CZ50&nbsp;0300&nbsp;0000&nbsp;0001&nbsp;7155&nbsp;1448<br \/>\nSWIFT\/BIC: CEKOCZPP<\/p>\n<\/div><\/div><div class=\"w-separator size_large\"><\/div><\/div><\/div><\/div><\/div><\/div><\/section><section class=\"l-section wpb_row height_auto\"><div class=\"l-section-h i-cf\"><div class=\"g-cols vc_row via_flex valign_top type_default stacking_default\"><div class=\"vc_col-sm-12 wpb_column vc_column_container\"><div class=\"vc_column-inner\"><div class=\"wpb_wrapper\"><div class=\"w-separator size_custom with_line width_default thick_2 style_solid color_border align_left with_text with_content\" style=\"height:3rem\"><div class=\"w-separator-h\"><h3 class=\"w-separator-text\"><span>Contact form<\/span><\/h3><\/div><\/div><section class=\"l-section wpb_row us_custom_d55a3cca height_auto width_full\"><div class=\"l-section-h i-cf\"><div class=\"g-cols vc_row via_flex valign_top type_default stacking_default\"><div class=\"vc_col-sm-12 vc_col-md-6 wpb_column vc_column_container\"><div class=\"vc_column-inner\"><div class=\"wpb_wrapper\"><div class=\"wpb_text_column\"><div class=\"wpb_wrapper\"><h3>Contact us<\/h3>\n<\/div><\/div><div class=\"w-separator size_custom\" style=\"height:0.5rem\"><\/div>\n<div class=\"wpcf7 no-js\" id=\"wpcf7-f2827-o1\" lang=\"cs-CZ\" dir=\"ltr\" data-wpcf7-id=\"2827\">\n<div class=\"screen-reader-response\"><p role=\"status\" aria-live=\"polite\" aria-atomic=\"true\"><\/p> <ul><\/ul><\/div>\n<form action=\"\/en\/wp-json\/wp\/v2\/pages\/2493#wpcf7-f2827-o1\" method=\"post\" class=\"wpcf7-form init\" aria-label=\"Kontaktn\u00ed formul\u00e1\u0159\" novalidate=\"novalidate\" data-status=\"init\">\n<fieldset class=\"hidden-fields-container\"><input type=\"hidden\" name=\"_wpcf7\" value=\"2827\" \/><input type=\"hidden\" name=\"_wpcf7_version\" value=\"6.1.4\" \/><input type=\"hidden\" name=\"_wpcf7_locale\" value=\"cs_CZ\" \/><input type=\"hidden\" name=\"_wpcf7_unit_tag\" value=\"wpcf7-f2827-o1\" \/><input type=\"hidden\" name=\"_wpcf7_container_post\" value=\"0\" \/><input type=\"hidden\" name=\"_wpcf7_posted_data_hash\" value=\"\" \/><input type=\"hidden\" name=\"_wpcf7_recaptcha_response\" value=\"\" \/>\n<\/fieldset>\n<div class=\"g-cols type_default flex\">\n\t<div class=\"vc_col-sm-12\" style=\"padding: 0;\">\n\t\t<div class=\"vc_column-inner\">\n\t\t\t<p><span class=\"wpcf7-form-control-wrap\" data-name=\"poznamky\"><textarea cols=\"40\" rows=\"10\" maxlength=\"2000\" class=\"wpcf7-form-control wpcf7-textarea\" aria-invalid=\"false\" placeholder=\"Space for your message...\" name=\"poznamky\"><\/textarea><\/span>\n\t\t\t<\/p>\n\t\t<\/div>\n\t<\/div>\n<\/div>\n<div class=\"g-cols type_default flex\">\n\t<div class=\"vc_col-sm-6\" style=\"padding: 0px\";>\n\t\t<div class=\"vc_column-inner first\">\n\t\t\t<p><span class=\"wpcf7-form-control-wrap\" data-name=\"jmeno\"><input size=\"40\" maxlength=\"400\" class=\"wpcf7-form-control wpcf7-text wpcf7-validates-as-required\" aria-required=\"true\" aria-invalid=\"false\" placeholder=\"Your name\" value=\"\" type=\"text\" name=\"jmeno\" \/><\/span>\n\t\t\t<\/p>\n\t\t<\/div>\n\t<\/div>\n\t<div class=\"vc_col-sm-6\" style=\"padding: 0px\";>\n\t\t<div class=\"vc_column-inner last\">\n\t\t\t<p><span class=\"wpcf7-form-control-wrap\" data-name=\"email\"><input size=\"40\" maxlength=\"400\" class=\"wpcf7-form-control wpcf7-email wpcf7-validates-as-required wpcf7-text wpcf7-validates-as-email\" aria-required=\"true\" aria-invalid=\"false\" placeholder=\"Your e-mail\" value=\"\" type=\"email\" name=\"email\" \/><\/span>\n\t\t\t<\/p>\n\t\t<\/div>\n\t<\/div>\n<\/div>\n<div class=\"g-cols type_default flex\">\n\t<div class=\"vc_col-sm-6\" style=\"padding: 0px\";>\n\t\t<div class=\"vc_column-inner first\">\n\t\t\t<p><span class=\"wpcf7-form-control-wrap\" data-name=\"telefon\"><input size=\"40\" maxlength=\"400\" class=\"wpcf7-form-control wpcf7-tel wpcf7-validates-as-required wpcf7-text wpcf7-validates-as-tel\" aria-required=\"true\" aria-invalid=\"false\" placeholder=\"Your phone\" value=\"\" type=\"tel\" name=\"telefon\" \/><\/span>\n\t\t\t<\/p>\n\t\t<\/div>\n\t<\/div>\n\t<div class=\"vc_col-sm-6\" style=\"padding: 0px\";>\n\t\t<div class=\"vc_column-inner last\">\n\t\t\t<p><input class=\"wpcf7-form-control wpcf7-submit has-spinner\" type=\"submit\" value=\"Send a message\" \/>\n\t\t\t<\/p>\n\t\t<\/div>\n\t<\/div>\n<\/div>\n<div class=\"g-cols type_default flex\" style=\"margin-bottom: 6px;\">\n\t<div class=\"vc_col-sm-12\" style=\"padding: 0px;\">\n\t\t<div class=\"vc_column-inner\">\n\t\t\t<p style=\"font-size: 11px; margin: 10px 0px 0px; line-height: 1.3; color: #b5b5b5; text-align: left;\">We value your privacy, please read our <a class=\"bp\" href=\"\/en\/gdpr\/\" style=\"color: #dc1c2e\" class=\"\">Privacy policy<\/a>. All contact forms on this website are protected by reCAPTCHA, which is subject to Google's <a style=\"color:#a2a2a2;\" href=\"https:\/\/policies.google.com\/privacy\" rel=\"nofollow noopener\" target=\"_blank\">Privacy Policy<\/a> and&nbsp;<a style=\"color:#a2a2a2;\" href=\"https:\/\/policies.google.com\/terms\" rel=\"nofollow noopener\" target=\"_blank\">Terms of Service<\/a> of Google.\n\t\t\t<\/p>\n\t\t<\/div>\n\t<\/div>\n<\/div><div class=\"wpcf7-response-output\" aria-hidden=\"true\"><\/div>\n<\/form>\n<\/div>\n<\/div><\/div><\/div><div class=\"vc_col-sm-12 vc_col-md-6 wpb_column vc_column_container\"><div class=\"vc_column-inner\"><div class=\"wpb_wrapper\"><div class=\"w-separator size_custom\" style=\"height:0\" id=\"l3ad\"><style>@media(max-width:959px){ #l3ad{height:1.5rem!important}}@media(max-width:600px){ #l3ad{height:1.5rem!important}}<\/style><\/div><div class=\"wpb_text_column us_custom_d185582a\"><div class=\"wpb_wrapper\"><h3>Give us a call<\/h3>\n<\/div><\/div><div class=\"w-separator size_custom\" style=\"height:0.5rem\" id=\"h688\"><style>@media(max-width:600px){ #h688{height:0.25rem!important}}<\/style><\/div><div class=\"g-cols wpb_row hide_on_mobiles via_flex valign_top type_default stacking_default\"><div class=\"vc_col-sm-12 wpb_column vc_column_container\"><div class=\"vc_column-inner us_custom_a890effd\"><div class=\"wpb_wrapper\"><div class=\"w-separator size_custom\" style=\"height:0.5rem\"><\/div><div class=\"w-iconbox us_custom_b97f5969 has_text_color iconpos_left style_default color_custom align_center no_title\"><a href=\"tel:+420485100303\" class=\"w-iconbox-link\" aria-label=\"fas|phone-alt\"><div class=\"w-iconbox-icon\" style=\"font-size:2.5rem;--icon-color:#34a853;\"><i class=\"fas fa-phone-alt\"><\/i><\/div><\/a><div class=\"w-iconbox-meta\"><div class=\"w-iconbox-text\"><p><a style=\"color: #34a853;\" href=\"tel:+420485100303\">+420\u00a0485\u00a0100\u00a0303<\/a><\/p>\n<\/div><\/div><\/div><div class=\"w-separator size_custom\" style=\"height:0.5rem\"><\/div><div class=\"wpb_text_column us_custom_eb849559\"><div class=\"wpb_wrapper\"><p>Call or leave us a phone number<br \/>\nand we&#8217;ll call you back <\/p>\n<\/div><\/div><div class=\"w-separator size_custom\" style=\"height:29px\"><\/div>\n<div class=\"wpcf7 no-js\" id=\"wpcf7-f2716-o2\" lang=\"cs-CZ\" dir=\"ltr\" data-wpcf7-id=\"2716\">\n<div class=\"screen-reader-response\"><p role=\"status\" aria-live=\"polite\" aria-atomic=\"true\"><\/p> <ul><\/ul><\/div>\n<form action=\"\/en\/wp-json\/wp\/v2\/pages\/2493#wpcf7-f2716-o2\" method=\"post\" class=\"wpcf7-form init\" aria-label=\"Kontaktn\u00ed formul\u00e1\u0159\" novalidate=\"novalidate\" data-status=\"init\">\n<fieldset class=\"hidden-fields-container\"><input type=\"hidden\" name=\"_wpcf7\" value=\"2716\" \/><input type=\"hidden\" name=\"_wpcf7_version\" value=\"6.1.4\" \/><input type=\"hidden\" name=\"_wpcf7_locale\" value=\"cs_CZ\" \/><input type=\"hidden\" name=\"_wpcf7_unit_tag\" value=\"wpcf7-f2716-o2\" \/><input type=\"hidden\" name=\"_wpcf7_container_post\" value=\"0\" \/><input type=\"hidden\" name=\"_wpcf7_posted_data_hash\" value=\"\" \/><input type=\"hidden\" name=\"_wpcf7_recaptcha_response\" value=\"\" \/>\n<\/fieldset>\n<div class=\"g-cols type_default flex\">\n\t<div class=\"vc_col-sm-6\" style=\"padding: 0px\";>\n\t\t<div class=\"vc_column-inner first\">\n\t\t\t<p><span class=\"wpcf7-form-control-wrap\" data-name=\"jmeno\"><input size=\"40\" maxlength=\"400\" class=\"wpcf7-form-control wpcf7-text wpcf7-validates-as-required\" aria-required=\"true\" aria-invalid=\"false\" placeholder=\"Your name\" value=\"\" type=\"text\" name=\"jmeno\" \/><\/span>\n\t\t\t<\/p>\n\t\t<\/div>\n\t<\/div>\n\t<div class=\"vc_col-sm-6\" style=\"padding: 0px\";>\n\t\t<div class=\"vc_column-inner last\">\n\t\t\t<p><span class=\"wpcf7-form-control-wrap\" data-name=\"telefon\"><input size=\"40\" maxlength=\"400\" class=\"wpcf7-form-control wpcf7-text\" aria-invalid=\"false\" placeholder=\"Your phone\" value=\"\" type=\"text\" name=\"telefon\" \/><\/span>\n\t\t\t<\/p>\n\t\t<\/div>\n\t<\/div>\n<\/div>\n<div class=\"g-cols type_default flex\">\n\t<div class=\"vc_col-sm-12\" style=\"padding: 0px\";>\n\t\t<div class=\"vc_column-inner\">\n\t\t\t<p><input class=\"wpcf7-form-control wpcf7-submit has-spinner\" type=\"submit\" value=\"Call me\" \/>\n\t\t\t<\/p>\n\t\t<\/div>\n\t<\/div>\n<\/div><div class=\"wpcf7-response-output\" aria-hidden=\"true\"><\/div>\n<\/form>\n<\/div>\n<\/div><\/div><\/div><\/div><div class=\"g-cols wpb_row hide_on_default hide_on_laptops hide_on_tablets via_flex valign_top type_default stacking_default\"><div class=\"vc_col-sm-12 wpb_column vc_column_container\"><div class=\"vc_column-inner\"><div class=\"wpb_wrapper\"><div class=\"wpb_text_column us_custom_0afdc4ab has_text_color\"><div class=\"wpb_wrapper\"><p><a href=\"tel:+420485100303\">+420\u00a0485\u00a0100\u00a0303<\/a><\/p>\n<\/div><\/div><div class=\"w-separator size_custom\" style=\"height:0.5rem\"><\/div><\/div><\/div><\/div><\/div><\/div><\/div><\/div><\/div><\/div><\/section>\n<\/div><\/div><\/div><\/div><\/div><\/section><section class=\"l-section wpb_row us_custom_fa1c0576 reset height_auto color_alternate\"><div class=\"l-section-h i-cf\"><div class=\"g-cols vc_row via_flex valign_top type_default stacking_default\" style=\"--additional-gap:0.5rem;\"><div class=\"vc_col-sm-6 wpb_column vc_column_container has_bg_color has-link\"><div class=\"vc_column-inner us_custom_3a1ba28d\"><div class=\"wpb_wrapper\"><div class=\"w-separator size_custom\" style=\"height:0.5rem\"><\/div><div class=\"w-iconbox us_custom_b5fdc4fc iconpos_top style_default color_primary align_center\"><div class=\"w-iconbox-icon\" style=\"font-size:2.5rem;\"><i class=\"fal fa-store\"><\/i><\/div><div class=\"w-iconbox-meta\"><h3 class=\"w-iconbox-title\">Tool store<\/h3><div class=\"w-iconbox-text\"><p>Visit our well-equipped store in Liberec. You will find here professional tools and workshop equipment for trade and industry.<\/p>\n<\/div><\/div><\/div><div class=\"w-separator size_small\"><\/div><div class=\"w-btn-wrapper align_center\"><a class=\"w-btn us-btn-style_2\" title=\"Tool store\" href=\"http:\/\/alfavaria.cz\/en\/kontakt\/kamenna-prodejna\/\"><span class=\"w-btn-label\">Tool store<\/span><\/a><\/div><\/div><\/div><a href=\"\/en\/kontakt\/kamenna-prodejna\/\" class=\"vc_column-link smooth-scroll\" aria-label=\"Link\"><\/a><\/div><div class=\"vc_col-sm-6 wpb_column vc_column_container has_bg_color has-link\"><div class=\"vc_column-inner us_custom_3a1ba28d\"><div class=\"wpb_wrapper\"><div class=\"w-separator size_custom\" style=\"height:0.5rem\"><\/div><div class=\"w-iconbox us_custom_7307febb iconpos_top style_default color_primary align_center\"><div class=\"w-iconbox-icon\" style=\"font-size:2.5rem;\"><i class=\"fal fa-tools\"><\/i><\/div><div class=\"w-iconbox-meta\"><h3 class=\"w-iconbox-title\">Tool Service<\/h3><div class=\"w-iconbox-text\"><p>In our own repair center, we perform warranty and post-warranty repairs of professional tools and machines for companies and craftsmen.<\/p>\n<\/div><\/div><\/div><div class=\"w-separator size_small\"><\/div><div class=\"w-btn-wrapper align_center\"><a class=\"w-btn us-btn-style_2\" title=\"Servis n\u00e1\u0159ad\u00ed\" href=\"\/sluzby\/servis-naradi\/\"><span class=\"w-btn-label\">Servis ALFAVARIA Group<\/span><\/a><\/div><\/div><\/div><a href=\"\/en\/produkty-a-sluzby\/servis-naradi\/\" class=\"vc_column-link smooth-scroll\" aria-label=\"Link\"><\/a><\/div><\/div><\/div><\/section>\n","protected":false},"excerpt":{"rendered":"Home pagePages Contacts Do you need to discuss anything with us? We are here for you, get in touch! ALFAVARIA Group s. r. o. Company headquarters: Lond\u00fdnsk\u00e1 78 460 01\u2002Liberec Head office: +420 485 100 303 Mon-Fri 7:00 \u2013 17:00 E-shop: +420 702 017 759 Mon-Fri 8:00 \u2013 16:00 Service: +420 485 109 021 Mon-Fri...","protected":false},"author":4,"featured_media":0,"parent":0,"menu_order":2,"comment_status":"closed","ping_status":"closed","template":"","meta":{"_acf_changed":false,"footnotes":""},"class_list":["post-2493","page","type-page","status-publish","hentry"],"acf":[],"_links":{"self":[{"href":"https:\/\/alfavaria.cz\/en\/wp-json\/wp\/v2\/pages\/2493","targetHints":{"allow":["GET"]}}],"collection":[{"href":"https:\/\/alfavaria.cz\/en\/wp-json\/wp\/v2\/pages"}],"about":[{"href":"https:\/\/alfavaria.cz\/en\/wp-json\/wp\/v2\/types\/page"}],"author":[{"embeddable":true,"href":"https:\/\/alfavaria.cz\/en\/wp-json\/wp\/v2\/users\/4"}],"replies":[{"embeddable":true,"href":"https:\/\/alfavaria.cz\/en\/wp-json\/wp\/v2\/comments?post=2493"}],"version-history":[{"count":0,"href":"https:\/\/alfavaria.cz\/en\/wp-json\/wp\/v2\/pages\/2493\/revisions"}],"wp:attachment":[{"href":"https:\/\/alfavaria.cz\/en\/wp-json\/wp\/v2\/media?parent=2493"}],"curies":[{"name":"wp","href":"https:\/\/api.w.org\/{rel}","templated":true}]}}