{"id":2504,"date":"2021-08-17T15:27:02","date_gmt":"2021-08-17T13:27:02","guid":{"rendered":"http:\/\/alfavaria.cz\/poradenstvi-a-skoleni\/"},"modified":"2022-06-17T14:17:49","modified_gmt":"2022-06-17T12:17:49","slug":"poradenstvi-a-skoleni","status":"publish","type":"page","link":"https:\/\/alfavaria.cz\/en\/produkty-a-sluzby\/poradenstvi-a-skoleni\/","title":{"rendered":"Consulting and training"},"content":{"rendered":"<section class=\"l-section wpb_row height_auto color_alternate\"><div class=\"l-section-h i-cf\"><div class=\"g-cols vc_row via_flex valign_top type_default stacking_default\"><div class=\"vc_col-sm-12 wpb_column vc_column_container\"><div class=\"vc_column-inner\"><div class=\"wpb_wrapper\"><section class=\"l-section wpb_row height_auto width_full\"><div class=\"l-section-h i-cf\"><div class=\"g-cols vc_row via_flex valign_top type_default stacking_default\"><div class=\"vc_col-sm-12 wpb_column vc_column_container\"><div class=\"vc_column-inner\"><div class=\"wpb_wrapper\"><div class=\"w-separator size_small\"><\/div><nav class=\"g-breadcrumbs us_custom_680e835f has_text_color separator_icon align_left\" itemscope itemtype=\"http:\/\/schema.org\/BreadcrumbList\"><div class=\"g-breadcrumbs-item\" itemscope itemprop=\"itemListElement\" itemtype=\"http:\/\/schema.org\/ListItem\"><a itemprop=\"item\" href=\"https:\/\/alfavaria.cz\/en\/\"><span itemprop=\"name\">Home page<\/span><\/a><meta itemprop=\"position\" content=\"1\"\/><\/div><div class=\"g-breadcrumbs-separator\"><i class=\"far fa-angle-right\"><\/i><\/div><div class=\"g-breadcrumbs-item\">Pages<\/div><\/nav><div class=\"w-separator size_custom\" style=\"height:3rem\" id=\"ad72\"><style>@media(max-width:600px){ #ad72{height:2rem!important}}<\/style><\/div><\/div><\/div><\/div><\/div><\/div><\/section>\n<div class=\"wpb_text_column us_custom_4ae18191\"><div class=\"wpb_wrapper\"><h1>Consulting and training<\/h1>\n<p>We do not only supply tools, we also provide useful related services.<\/p>\n<\/div><\/div><div class=\"w-separator size_large\"><\/div><div class=\"w-image us_custom_ec221b44 style_shadow-1 align_none\"><div class=\"w-image-h\"><img decoding=\"async\" width=\"600\" height=\"750\" src=\"https:\/\/alfavaria.cz\/wp-content\/uploads\/2021\/11\/alfavaria-poradenstvi-uvodni-fotka.jpg\" class=\"attachment-large size-large\" alt=\"\" loading=\"lazy\" srcset=\"https:\/\/alfavaria.cz\/wp-content\/uploads\/2021\/11\/alfavaria-poradenstvi-uvodni-fotka.jpg 600w, https:\/\/alfavaria.cz\/wp-content\/uploads\/2021\/11\/alfavaria-poradenstvi-uvodni-fotka-240x300.jpg 240w, https:\/\/alfavaria.cz\/wp-content\/uploads\/2021\/11\/alfavaria-poradenstvi-uvodni-fotka-120x150.jpg 120w\" sizes=\"auto, (max-width: 600px) 100vw, 600px\" \/><\/div><\/div><div class=\"w-separator size_custom\" style=\"height:0\" id=\"t297\"><style>@media(max-width:1024px){ #t297{height:2rem!important}}@media(max-width:600px){ #t297{height:2rem!important}}<\/style><\/div><\/div><\/div><\/div><\/div><\/div><\/section><section class=\"l-section wpb_row us_custom_e6195072 height_auto\"><div class=\"l-section-h i-cf\"><div class=\"g-cols vc_row via_flex valign_top type_default stacking_default\"><div class=\"vc_col-sm-12 wpb_column vc_column_container\"><div class=\"vc_column-inner us_custom_7c434cd5\"><div class=\"wpb_wrapper\"><div class=\"w-separator size_custom\" style=\"height:2rem\"><\/div><div class=\"w-separator size_custom with_line width_default thick_2 style_solid color_border align_left with_text with_content\" style=\"height:3rem\"><div class=\"w-separator-h\"><h3 class=\"w-separator-text\"><span>Consulting<\/span><\/h3><\/div><\/div><div class=\"wpb_text_column\"><div class=\"wpb_wrapper\"><p>Do you plan to equip your company with a&nbsp;larger number of tools, instruments and machines and you do not know how to handle the order? Do you need to improve the availability of tools and instruments in stock and are you looking for the best way to optimize?<\/p>\n<p><strong>Contact us. We offer professional advice in selecting suitable products for your purpose. We will be happy to discuss the options with you, offer more options and show you the specific savings.<\/strong><\/p>\n<\/div><\/div><div class=\"w-separator size_custom\" style=\"height:1rem\"><\/div><div class=\"w-btn-wrapper align_none\"><a class=\"w-btn us-btn-style_1\" href=\"#kontakt\"><span class=\"w-btn-label\">I need an advice<\/span><\/a><\/div><div class=\"w-btn-wrapper align_none\"><a class=\"w-btn us-btn-style_1\" title=\"Kontakty\" href=\"http:\/\/alfavaria.cz\/en\/kontakt\/\"><span class=\"w-btn-label\">Contact<\/span><\/a><\/div><div class=\"w-separator size_medium\"><\/div><div class=\"w-separator size_custom with_line width_default thick_2 style_solid color_border align_left with_text with_content\" style=\"height:3rem\"><div class=\"w-separator-h\"><h3 class=\"w-separator-text\"><span>Training<\/span><\/h3><\/div><\/div><div class=\"wpb_text_column\"><div class=\"wpb_wrapper\"><p>For production workers, we offer training in the operation of the tools we supply. It concerns, for example, machines with pneumatic drive, precision tightening machines, operation and programming of control units, etc.<\/p>\n<\/div><\/div><div class=\"w-separator size_custom\" style=\"height:1rem\"><\/div><div class=\"w-btn-wrapper align_none\"><a class=\"w-btn us-btn-style_1\" href=\"#kontakt\"><span class=\"w-btn-label\">Inquire about training<\/span><\/a><\/div><\/div><\/div><\/div><\/div><\/div><\/section><section class=\"l-section wpb_row height_auto\"><div class=\"l-section-h i-cf\"><div class=\"g-cols vc_row via_flex valign_top type_default stacking_default\"><div class=\"vc_col-sm-12 wpb_column vc_column_container\"><div class=\"vc_column-inner\"><div class=\"wpb_wrapper\"><div class=\"w-separator size_large\"><\/div><\/div><\/div><\/div><\/div><\/div><\/section><section class=\"l-section wpb_row height_auto\" id=\"kontakt\"><div class=\"l-section-h i-cf\"><div class=\"g-cols vc_row via_flex valign_top type_default stacking_default\"><div class=\"vc_col-sm-12 wpb_column vc_column_container\"><div class=\"vc_column-inner\"><div class=\"wpb_wrapper\"><div class=\"w-separator size_custom\" style=\"height:1rem\"><\/div><div class=\"w-separator size_custom with_line width_default thick_2 style_solid color_border align_left with_text with_content\" style=\"height:3rem\"><div class=\"w-separator-h\"><h3 class=\"w-separator-text\"><span>Need some advice?<\/span><\/h3><\/div><\/div><section class=\"l-section wpb_row us_custom_d55a3cca height_auto width_full\"><div class=\"l-section-h i-cf\"><div class=\"g-cols vc_row via_flex valign_top type_default stacking_default\"><div class=\"vc_col-sm-12 vc_col-md-6 wpb_column vc_column_container\"><div class=\"vc_column-inner\"><div class=\"wpb_wrapper\"><div class=\"wpb_text_column\"><div class=\"wpb_wrapper\"><h3>Contact us<\/h3>\n<\/div><\/div><div class=\"w-separator size_custom\" style=\"height:0.5rem\"><\/div>\n<div class=\"wpcf7 no-js\" id=\"wpcf7-f2827-o1\" lang=\"cs-CZ\" dir=\"ltr\" data-wpcf7-id=\"2827\">\n<div class=\"screen-reader-response\"><p role=\"status\" aria-live=\"polite\" aria-atomic=\"true\"><\/p> <ul><\/ul><\/div>\n<form action=\"\/en\/wp-json\/wp\/v2\/pages\/2504#wpcf7-f2827-o1\" method=\"post\" class=\"wpcf7-form init\" aria-label=\"Kontaktn\u00ed formul\u00e1\u0159\" novalidate=\"novalidate\" data-status=\"init\">\n<fieldset class=\"hidden-fields-container\"><input type=\"hidden\" name=\"_wpcf7\" value=\"2827\" \/><input type=\"hidden\" name=\"_wpcf7_version\" value=\"6.1.4\" \/><input type=\"hidden\" name=\"_wpcf7_locale\" value=\"cs_CZ\" \/><input type=\"hidden\" name=\"_wpcf7_unit_tag\" value=\"wpcf7-f2827-o1\" \/><input type=\"hidden\" name=\"_wpcf7_container_post\" value=\"0\" \/><input type=\"hidden\" name=\"_wpcf7_posted_data_hash\" value=\"\" \/><input type=\"hidden\" name=\"_wpcf7_recaptcha_response\" value=\"\" \/>\n<\/fieldset>\n<div class=\"g-cols type_default flex\">\n\t<div class=\"vc_col-sm-12\" style=\"padding: 0;\">\n\t\t<div class=\"vc_column-inner\">\n\t\t\t<p><span class=\"wpcf7-form-control-wrap\" data-name=\"poznamky\"><textarea cols=\"40\" rows=\"10\" maxlength=\"2000\" class=\"wpcf7-form-control wpcf7-textarea\" aria-invalid=\"false\" placeholder=\"Space for your message...\" name=\"poznamky\"><\/textarea><\/span>\n\t\t\t<\/p>\n\t\t<\/div>\n\t<\/div>\n<\/div>\n<div class=\"g-cols type_default flex\">\n\t<div class=\"vc_col-sm-6\" style=\"padding: 0px\";>\n\t\t<div class=\"vc_column-inner first\">\n\t\t\t<p><span class=\"wpcf7-form-control-wrap\" data-name=\"jmeno\"><input size=\"40\" maxlength=\"400\" class=\"wpcf7-form-control wpcf7-text wpcf7-validates-as-required\" aria-required=\"true\" aria-invalid=\"false\" placeholder=\"Your name\" value=\"\" type=\"text\" name=\"jmeno\" \/><\/span>\n\t\t\t<\/p>\n\t\t<\/div>\n\t<\/div>\n\t<div class=\"vc_col-sm-6\" style=\"padding: 0px\";>\n\t\t<div class=\"vc_column-inner last\">\n\t\t\t<p><span class=\"wpcf7-form-control-wrap\" data-name=\"email\"><input size=\"40\" maxlength=\"400\" class=\"wpcf7-form-control wpcf7-email wpcf7-validates-as-required wpcf7-text wpcf7-validates-as-email\" aria-required=\"true\" aria-invalid=\"false\" placeholder=\"Your e-mail\" value=\"\" type=\"email\" name=\"email\" \/><\/span>\n\t\t\t<\/p>\n\t\t<\/div>\n\t<\/div>\n<\/div>\n<div class=\"g-cols type_default flex\">\n\t<div class=\"vc_col-sm-6\" style=\"padding: 0px\";>\n\t\t<div class=\"vc_column-inner first\">\n\t\t\t<p><span class=\"wpcf7-form-control-wrap\" data-name=\"telefon\"><input size=\"40\" maxlength=\"400\" class=\"wpcf7-form-control wpcf7-tel wpcf7-validates-as-required wpcf7-text wpcf7-validates-as-tel\" aria-required=\"true\" aria-invalid=\"false\" placeholder=\"Your phone\" value=\"\" type=\"tel\" name=\"telefon\" \/><\/span>\n\t\t\t<\/p>\n\t\t<\/div>\n\t<\/div>\n\t<div class=\"vc_col-sm-6\" style=\"padding: 0px\";>\n\t\t<div class=\"vc_column-inner last\">\n\t\t\t<p><input class=\"wpcf7-form-control wpcf7-submit has-spinner\" type=\"submit\" value=\"Send a message\" \/>\n\t\t\t<\/p>\n\t\t<\/div>\n\t<\/div>\n<\/div>\n<div class=\"g-cols type_default flex\" style=\"margin-bottom: 6px;\">\n\t<div class=\"vc_col-sm-12\" style=\"padding: 0px;\">\n\t\t<div class=\"vc_column-inner\">\n\t\t\t<p style=\"font-size: 11px; margin: 10px 0px 0px; line-height: 1.3; color: #b5b5b5; text-align: left;\">We value your privacy, please read our <a class=\"bp\" href=\"\/en\/gdpr\/\" style=\"color: #dc1c2e\" class=\"\">Privacy policy<\/a>. All contact forms on this website are protected by reCAPTCHA, which is subject to Google's <a style=\"color:#a2a2a2;\" href=\"https:\/\/policies.google.com\/privacy\" rel=\"nofollow noopener\" target=\"_blank\">Privacy Policy<\/a> and&nbsp;<a style=\"color:#a2a2a2;\" href=\"https:\/\/policies.google.com\/terms\" rel=\"nofollow noopener\" target=\"_blank\">Terms of Service<\/a> of Google.\n\t\t\t<\/p>\n\t\t<\/div>\n\t<\/div>\n<\/div><div class=\"wpcf7-response-output\" aria-hidden=\"true\"><\/div>\n<\/form>\n<\/div>\n<\/div><\/div><\/div><div class=\"vc_col-sm-12 vc_col-md-6 wpb_column vc_column_container\"><div class=\"vc_column-inner\"><div class=\"wpb_wrapper\"><div class=\"w-separator size_custom\" style=\"height:0\" id=\"x541\"><style>@media(max-width:959px){ #x541{height:1.5rem!important}}@media(max-width:600px){ #x541{height:1.5rem!important}}<\/style><\/div><div class=\"wpb_text_column us_custom_d185582a\"><div class=\"wpb_wrapper\"><h3>Give us a call<\/h3>\n<\/div><\/div><div class=\"w-separator size_custom\" style=\"height:0.5rem\" id=\"z7f0\"><style>@media(max-width:600px){ #z7f0{height:0.25rem!important}}<\/style><\/div><div class=\"g-cols wpb_row hide_on_mobiles via_flex valign_top type_default stacking_default\"><div class=\"vc_col-sm-12 wpb_column vc_column_container\"><div class=\"vc_column-inner us_custom_a890effd\"><div class=\"wpb_wrapper\"><div class=\"w-separator size_custom\" style=\"height:0.5rem\"><\/div><div class=\"w-iconbox us_custom_b97f5969 has_text_color iconpos_left style_default color_custom align_center no_title\"><a href=\"tel:+420485100303\" class=\"w-iconbox-link\" aria-label=\"fas|phone-alt\"><div class=\"w-iconbox-icon\" style=\"font-size:2.5rem;--icon-color:#34a853;\"><i class=\"fas fa-phone-alt\"><\/i><\/div><\/a><div class=\"w-iconbox-meta\"><div class=\"w-iconbox-text\"><p><a style=\"color: #34a853;\" href=\"tel:+420485100303\">+420\u00a0485\u00a0100\u00a0303<\/a><\/p>\n<\/div><\/div><\/div><div class=\"w-separator size_custom\" style=\"height:0.5rem\"><\/div><div class=\"wpb_text_column us_custom_eb849559\"><div class=\"wpb_wrapper\"><p>Call or leave us a phone number<br \/>\nand we&#8217;ll call you back <\/p>\n<\/div><\/div><div class=\"w-separator size_custom\" style=\"height:29px\"><\/div>\n<div class=\"wpcf7 no-js\" id=\"wpcf7-f2716-o2\" lang=\"cs-CZ\" dir=\"ltr\" data-wpcf7-id=\"2716\">\n<div class=\"screen-reader-response\"><p role=\"status\" aria-live=\"polite\" aria-atomic=\"true\"><\/p> <ul><\/ul><\/div>\n<form action=\"\/en\/wp-json\/wp\/v2\/pages\/2504#wpcf7-f2716-o2\" method=\"post\" class=\"wpcf7-form init\" aria-label=\"Kontaktn\u00ed formul\u00e1\u0159\" novalidate=\"novalidate\" data-status=\"init\">\n<fieldset class=\"hidden-fields-container\"><input type=\"hidden\" name=\"_wpcf7\" value=\"2716\" \/><input type=\"hidden\" name=\"_wpcf7_version\" value=\"6.1.4\" \/><input type=\"hidden\" name=\"_wpcf7_locale\" value=\"cs_CZ\" \/><input type=\"hidden\" name=\"_wpcf7_unit_tag\" value=\"wpcf7-f2716-o2\" \/><input type=\"hidden\" name=\"_wpcf7_container_post\" value=\"0\" \/><input type=\"hidden\" name=\"_wpcf7_posted_data_hash\" value=\"\" \/><input type=\"hidden\" name=\"_wpcf7_recaptcha_response\" value=\"\" \/>\n<\/fieldset>\n<div class=\"g-cols type_default flex\">\n\t<div class=\"vc_col-sm-6\" style=\"padding: 0px\";>\n\t\t<div class=\"vc_column-inner first\">\n\t\t\t<p><span class=\"wpcf7-form-control-wrap\" data-name=\"jmeno\"><input size=\"40\" maxlength=\"400\" class=\"wpcf7-form-control wpcf7-text wpcf7-validates-as-required\" aria-required=\"true\" aria-invalid=\"false\" placeholder=\"Your name\" value=\"\" type=\"text\" name=\"jmeno\" \/><\/span>\n\t\t\t<\/p>\n\t\t<\/div>\n\t<\/div>\n\t<div class=\"vc_col-sm-6\" style=\"padding: 0px\";>\n\t\t<div class=\"vc_column-inner last\">\n\t\t\t<p><span class=\"wpcf7-form-control-wrap\" data-name=\"telefon\"><input size=\"40\" maxlength=\"400\" class=\"wpcf7-form-control wpcf7-text\" aria-invalid=\"false\" placeholder=\"Your phone\" value=\"\" type=\"text\" name=\"telefon\" \/><\/span>\n\t\t\t<\/p>\n\t\t<\/div>\n\t<\/div>\n<\/div>\n<div class=\"g-cols type_default flex\">\n\t<div class=\"vc_col-sm-12\" style=\"padding: 0px\";>\n\t\t<div class=\"vc_column-inner\">\n\t\t\t<p><input class=\"wpcf7-form-control wpcf7-submit has-spinner\" type=\"submit\" value=\"Call me\" \/>\n\t\t\t<\/p>\n\t\t<\/div>\n\t<\/div>\n<\/div><div class=\"wpcf7-response-output\" aria-hidden=\"true\"><\/div>\n<\/form>\n<\/div>\n<\/div><\/div><\/div><\/div><div class=\"g-cols wpb_row hide_on_default hide_on_laptops hide_on_tablets via_flex valign_top type_default stacking_default\"><div class=\"vc_col-sm-12 wpb_column vc_column_container\"><div class=\"vc_column-inner\"><div class=\"wpb_wrapper\"><div class=\"wpb_text_column us_custom_0afdc4ab has_text_color\"><div class=\"wpb_wrapper\"><p><a href=\"tel:+420485100303\">+420\u00a0485\u00a0100\u00a0303<\/a><\/p>\n<\/div><\/div><div class=\"w-separator size_custom\" style=\"height:0.5rem\"><\/div><\/div><\/div><\/div><\/div><\/div><\/div><\/div><\/div><\/div><\/section>\n<\/div><\/div><\/div><\/div><\/div><\/section><section class=\"l-section wpb_row height_auto\"><div class=\"l-section-h i-cf\"><div class=\"g-cols vc_row via_flex valign_top type_default stacking_default\"><div class=\"vc_col-sm-12 wpb_column vc_column_container\"><div class=\"vc_column-inner\"><div class=\"wpb_wrapper\"><div class=\"w-separator size_custom\" style=\"height:1rem\"><\/div><div class=\"w-separator alts size_custom with_line width_default thick_2 style_solid color_border align_left with_text with_content\" style=\"height:3rem\" id=\"p2dd\"><style>@media(max-width:600px){ #p2dd{height:4rem!important}}<\/style><div class=\"w-separator-h\"><h2 class=\"w-separator-text\"><span>ALFAVARIA Group \u2013 cooperate with us<\/span><\/h2><\/div><\/div><div class=\"w-separator size_custom\" style=\"height:1rem\"><\/div><\/div><\/div><\/div><\/div><\/div><\/section><section class=\"l-section wpb_row reset height_auto\"><div class=\"l-section-h i-cf\"><div class=\"g-cols vc_row via_flex valign_top type_default stacking_default\" style=\"--additional-gap:0.5rem;\"><div class=\"vc_col-sm-6 vc_col-lg-3 vc_col-xs-6 wpb_column vc_column_container has_bg_color\"><div class=\"vc_column-inner us_custom_9b172cb2\"><div class=\"wpb_wrapper\"><div class=\"w-iconbox us_custom_ed7e2cc5 iconpos_top style_default color_primary align_center\"><div class=\"w-iconbox-icon\" style=\"font-size:1.75rem;\"><i class=\"far fa-bullseye-arrow\"><\/i><\/div><div class=\"w-iconbox-meta\"><h4 class=\"w-iconbox-title\">Experience<\/h4><div class=\"w-iconbox-text\"><p>We have been selling<br \/>\nand servicing tools since 1996<\/p>\n<\/div><\/div><\/div><\/div><\/div><\/div><div class=\"vc_col-sm-6 vc_col-lg-3 vc_col-xs-6 wpb_column vc_column_container has_bg_color\"><div class=\"vc_column-inner us_custom_9b172cb2\"><div class=\"wpb_wrapper\"><div class=\"w-iconbox us_custom_ed7e2cc5 iconpos_top style_default color_primary align_center\"><div class=\"w-iconbox-icon\" style=\"font-size:1.75rem;\"><i class=\"far fa-star\"><\/i><\/div><div class=\"w-iconbox-meta\"><h4 class=\"w-iconbox-title\">Quality<\/h4><div class=\"w-iconbox-text\"><p>We offer only professional<br \/>\nproducts and services<\/p>\n<\/div><\/div><\/div><\/div><\/div><\/div><div class=\"vc_col-sm-6 vc_col-lg-3 vc_col-xs-6 wpb_column vc_column_container has_bg_color\"><div class=\"vc_column-inner us_custom_9b172cb2\"><div class=\"wpb_wrapper\"><div class=\"w-iconbox us_custom_ed7e2cc5 iconpos_top style_default color_primary align_center\"><div class=\"w-iconbox-icon\" style=\"font-size:1.75rem;\"><i class=\"far fa-handshake\"><\/i><\/div><div class=\"w-iconbox-meta\"><h4 class=\"w-iconbox-title\">Good relationships<\/h4><div class=\"w-iconbox-text\"><p>We rely on decent<br \/>\nand fair dealing<\/p>\n<\/div><\/div><\/div><\/div><\/div><\/div><div class=\"vc_col-sm-6 vc_col-lg-3 vc_col-xs-6 wpb_column vc_column_container has_bg_color\"><div class=\"vc_column-inner us_custom_9b172cb2\"><div class=\"wpb_wrapper\"><div class=\"w-iconbox us_custom_ed7e2cc5 iconpos_top style_default color_primary align_center\"><div class=\"w-iconbox-icon\" style=\"font-size:1.75rem;\"><i class=\"far fa-people-arrows\"><\/i><\/div><div class=\"w-iconbox-meta\"><h4 class=\"w-iconbox-title\">Personal approach<\/h4><div class=\"w-iconbox-text\"><p>Individual prices and payment<br \/>\nterms for returning customers<\/p>\n<\/div><\/div><\/div><\/div><\/div><\/div><div class=\"vc_col-sm-12 wpb_column vc_column_container\"><div class=\"vc_column-inner\"><div class=\"wpb_wrapper\"><div class=\"w-separator size_custom\" style=\"height:3rem\" id=\"o26f\"><style>@media(max-width:600px){ #o26f{height:1rem!important}}<\/style><\/div><\/div><\/div><\/div><\/div><\/div><\/section>\n","protected":false},"excerpt":{"rendered":"Home pagePages Consulting and training We do not only supply tools, we also provide useful related services. ConsultingDo you plan to equip your company with a larger number of tools, instruments and machines and you do not know how to handle the order? Do you need to improve the availability of tools and instruments in...","protected":false},"author":4,"featured_media":0,"parent":2569,"menu_order":0,"comment_status":"closed","ping_status":"closed","template":"","meta":{"_acf_changed":false,"footnotes":""},"class_list":["post-2504","page","type-page","status-publish","hentry"],"acf":[],"_links":{"self":[{"href":"https:\/\/alfavaria.cz\/en\/wp-json\/wp\/v2\/pages\/2504","targetHints":{"allow":["GET"]}}],"collection":[{"href":"https:\/\/alfavaria.cz\/en\/wp-json\/wp\/v2\/pages"}],"about":[{"href":"https:\/\/alfavaria.cz\/en\/wp-json\/wp\/v2\/types\/page"}],"author":[{"embeddable":true,"href":"https:\/\/alfavaria.cz\/en\/wp-json\/wp\/v2\/users\/4"}],"replies":[{"embeddable":true,"href":"https:\/\/alfavaria.cz\/en\/wp-json\/wp\/v2\/comments?post=2504"}],"version-history":[{"count":0,"href":"https:\/\/alfavaria.cz\/en\/wp-json\/wp\/v2\/pages\/2504\/revisions"}],"up":[{"embeddable":true,"href":"https:\/\/alfavaria.cz\/en\/wp-json\/wp\/v2\/pages\/2569"}],"wp:attachment":[{"href":"https:\/\/alfavaria.cz\/en\/wp-json\/wp\/v2\/media?parent=2504"}],"curies":[{"name":"wp","href":"https:\/\/api.w.org\/{rel}","templated":true}]}}